{"id":109,"date":"2019-09-09T13:26:35","date_gmt":"2019-09-09T15:26:35","guid":{"rendered":"http:\/\/www.nettipsykiatri.fi\/?page_id=109"},"modified":"2022-05-16T14:23:25","modified_gmt":"2022-05-16T16:23:25","slug":"nain-se-toimii","status":"publish","type":"page","link":"https:\/\/www.nettipsykiatri.fi\/?page_id=109","title":{"rendered":"N\u00e4in se toimii"},"content":{"rendered":"\n<ol class=\"wp-block-list\"><li>Varaa ajanvarauskalenterista aika. (Yleens\u00e4 ensimm\u00e4inen aika kannattaa olla tunnin aika.)<\/li><li>Varauksen tekemisen j\u00e4lkeen saat s\u00e4hk\u00f6postiin varausvahvistuksen ja sen mukana linkin videopuheluun.<\/li><li>Juuri ennen vastaanoton alkua, avaa s\u00e4hk\u00f6postisi ja etsi saamasi varausvahvistus. <\/li><li>Avaa varausvahvistus ja klikkaa linkki\u00e4, joka vie sinut videopuheluun. Anna nimesi, kun sit\u00e4 kysyt\u00e4\u00e4n. Anna tarvittaessa videopuhelusivustolle lupa k\u00e4ytt\u00e4\u00e4 kameraa ja mikrofonia.<\/li><li>Et\u00e4vastaanotto voi alkaa. L\u00e4\u00e4k\u00e4ri haastattelee sinua ongelmastasi ja oireistasi. Lis\u00e4ksi h\u00e4n perehtyy\u00a0 joihinkin yleisiin asioihin el\u00e4m\u00e4ss\u00e4si saadakseen kokonaiskuvan tilanteestasi. T\u00e4m\u00e4n j\u00e4lkeen h\u00e4n kertoo sinulle, oman n\u00e4kemyksens\u00e4 tilanteestasi ja siit\u00e4, mit\u00e4 hoitovaihtoehtoja on.<\/li><li>Et\u00e4vastaanotto loppuu. Voit tarkentaa tarvittaessa saamiasi ohjeita s\u00e4hk\u00f6postitse.<\/li><li>Saat laskun s\u00e4hk\u00f6postitse.<\/li><\/ol>\n","protected":false},"excerpt":{"rendered":"<p>Varaa ajanvarauskalenterista aika. (Yleens\u00e4 ensimm\u00e4inen aika kannattaa olla tunnin aika.) Varauksen tekemisen j\u00e4lkeen saat s\u00e4hk\u00f6postiin varausvahvistuksen ja sen mukana linkin videopuheluun. Juuri ennen vastaanoton alkua, avaa s\u00e4hk\u00f6postisi ja etsi saamasi varausvahvistus. Avaa varausvahvistus ja klikkaa linkki\u00e4, joka vie sinut videopuheluun. Anna nimesi, kun sit\u00e4 kysyt\u00e4\u00e4n. Anna tarvittaessa videopuhelusivustolle lupa k\u00e4ytt\u00e4\u00e4 kameraa ja mikrofonia. Et\u00e4vastaanotto voi&#8230;<\/p>\n","protected":false},"author":1,"featured_media":0,"parent":0,"menu_order":0,"comment_status":"closed","ping_status":"closed","template":"","meta":{"footnotes":""},"class_list":["post-109","page","type-page","status-publish","hentry"],"_links":{"self":[{"href":"https:\/\/www.nettipsykiatri.fi\/index.php?rest_route=\/wp\/v2\/pages\/109","targetHints":{"allow":["GET"]}}],"collection":[{"href":"https:\/\/www.nettipsykiatri.fi\/index.php?rest_route=\/wp\/v2\/pages"}],"about":[{"href":"https:\/\/www.nettipsykiatri.fi\/index.php?rest_route=\/wp\/v2\/types\/page"}],"author":[{"embeddable":true,"href":"https:\/\/www.nettipsykiatri.fi\/index.php?rest_route=\/wp\/v2\/users\/1"}],"replies":[{"embeddable":true,"href":"https:\/\/www.nettipsykiatri.fi\/index.php?rest_route=%2Fwp%2Fv2%2Fcomments&post=109"}],"version-history":[{"count":5,"href":"https:\/\/www.nettipsykiatri.fi\/index.php?rest_route=\/wp\/v2\/pages\/109\/revisions"}],"predecessor-version":[{"id":322,"href":"https:\/\/www.nettipsykiatri.fi\/index.php?rest_route=\/wp\/v2\/pages\/109\/revisions\/322"}],"wp:attachment":[{"href":"https:\/\/www.nettipsykiatri.fi\/index.php?rest_route=%2Fwp%2Fv2%2Fmedia&parent=109"}],"curies":[{"name":"wp","href":"https:\/\/api.w.org\/{rel}","templated":true}]}}