{"id":11,"date":"2019-09-07T13:39:19","date_gmt":"2019-09-07T13:39:19","guid":{"rendered":"http:\/\/www.nettipsykiatri.fi\/?page_id=11"},"modified":"2026-01-31T08:56:03","modified_gmt":"2026-01-31T10:56:03","slug":"etusivu","status":"publish","type":"page","link":"https:\/\/www.nettipsykiatri.fi\/","title":{"rendered":"Tervetaloa psykiatrian erikoisl\u00e4\u00e4k\u00e4rin et\u00e4vastaanotolle!"},"content":{"rendered":"\n<p class=\"has-text-align-left\">Nettipsykiatri.fi tarjoaa sinulle psykiatrian erikoisl\u00e4\u00e4k\u00e4rin palvelut et\u00e4yhteydell\u00e4. Nettipsykiatri.fi-sivusto on alansa uranuurtajia tarjoten psykiatrin hoitoa vuosien kokemuksella ja korkeaa tietoturvatasoa noudattaen. Voit halutessasi ottaa s\u00e4hk\u00f6postitse yhteytt\u00e4 ja tiedustella soveltuuko tilanteesi hoidettavaksi et\u00e4vastaanotolla osoitteesta info@nettipsykiatri.fi.<br><\/p>\n\n\n\n<p class=\"has-text-align-center\"><a href=\"https:\/\/www.nettipsykiatri.fi\/?page_id=25\" data-type=\"page\" data-id=\"25\">AJANVARAUKSEEN<\/a><\/p>\n","protected":false},"excerpt":{"rendered":"<p>Nettipsykiatri.fi tarjoaa sinulle psykiatrian erikoisl\u00e4\u00e4k\u00e4rin palvelut et\u00e4yhteydell\u00e4. Nettipsykiatri.fi-sivusto on alansa uranuurtajia tarjoten psykiatrin hoitoa vuosien kokemuksella ja korkeaa tietoturvatasoa noudattaen. Voit halutessasi ottaa s\u00e4hk\u00f6postitse yhteytt\u00e4 ja tiedustella soveltuuko tilanteesi hoidettavaksi et\u00e4vastaanotolla osoitteesta info@nettipsykiatri.fi. AJANVARAUKSEEN<\/p>\n","protected":false},"author":1,"featured_media":415,"parent":0,"menu_order":0,"comment_status":"closed","ping_status":"closed","template":"","meta":{"footnotes":""},"class_list":["post-11","page","type-page","status-publish","has-post-thumbnail","hentry"],"_links":{"self":[{"href":"https:\/\/www.nettipsykiatri.fi\/index.php?rest_route=\/wp\/v2\/pages\/11","targetHints":{"allow":["GET"]}}],"collection":[{"href":"https:\/\/www.nettipsykiatri.fi\/index.php?rest_route=\/wp\/v2\/pages"}],"about":[{"href":"https:\/\/www.nettipsykiatri.fi\/index.php?rest_route=\/wp\/v2\/types\/page"}],"author":[{"embeddable":true,"href":"https:\/\/www.nettipsykiatri.fi\/index.php?rest_route=\/wp\/v2\/users\/1"}],"replies":[{"embeddable":true,"href":"https:\/\/www.nettipsykiatri.fi\/index.php?rest_route=%2Fwp%2Fv2%2Fcomments&post=11"}],"version-history":[{"count":20,"href":"https:\/\/www.nettipsykiatri.fi\/index.php?rest_route=\/wp\/v2\/pages\/11\/revisions"}],"predecessor-version":[{"id":397,"href":"https:\/\/www.nettipsykiatri.fi\/index.php?rest_route=\/wp\/v2\/pages\/11\/revisions\/397"}],"wp:featuredmedia":[{"embeddable":true,"href":"https:\/\/www.nettipsykiatri.fi\/index.php?rest_route=\/wp\/v2\/media\/415"}],"wp:attachment":[{"href":"https:\/\/www.nettipsykiatri.fi\/index.php?rest_route=%2Fwp%2Fv2%2Fmedia&parent=11"}],"curies":[{"name":"wp","href":"https:\/\/api.w.org\/{rel}","templated":true}]}}