{"id":25,"date":"2019-09-07T14:53:42","date_gmt":"2019-09-07T14:53:42","guid":{"rendered":"http:\/\/www.nettipsykiatri.fi\/?page_id=25"},"modified":"2024-09-18T15:49:56","modified_gmt":"2024-09-18T17:49:56","slug":"ajanvaraus","status":"publish","type":"page","link":"https:\/\/www.nettipsykiatri.fi\/?page_id=25","title":{"rendered":"Ajanvaraus"},"content":{"rendered":"\n<p>Tavallisimmin et\u00e4aikaan kannattaa varata aikaa 60 minuuttia (hinta 185,00 euroa) etenkin, jos kyseess\u00e4 on asiakkaan ensimm\u00e4inen aika. Lyhyemm\u00e4t asiat, kuten yksinkertaiset l\u00e4\u00e4kitysarviot, sujuvat 30 minuutissa (135,00 euroa). Laajoihin ty\u00f6kykyarvioihin suositellaan 90 minuutin aikaa (225,00 euroa).<\/p>\n\n\n\n<p class=\"has-text-align-center\"><strong><a href=\"http:\/\/vello.fi\/juha-lehti\" data-type=\"URL\" data-id=\"vello.fi\/nettipsykiatri-61147748192\">VARAA AIKA<\/a><\/strong><\/p>\n","protected":false},"excerpt":{"rendered":"<p>Tavallisimmin et\u00e4aikaan kannattaa varata aikaa 60 minuuttia (hinta 185,00 euroa) etenkin, jos kyseess\u00e4 on asiakkaan ensimm\u00e4inen aika. Lyhyemm\u00e4t asiat, kuten yksinkertaiset l\u00e4\u00e4kitysarviot, sujuvat 30 minuutissa (135,00 euroa). Laajoihin ty\u00f6kykyarvioihin suositellaan 90 minuutin aikaa (225,00 euroa). VARAA AIKA<\/p>\n","protected":false},"author":1,"featured_media":0,"parent":11,"menu_order":2,"comment_status":"closed","ping_status":"closed","template":"","meta":{"footnotes":""},"class_list":["post-25","page","type-page","status-publish","hentry"],"_links":{"self":[{"href":"https:\/\/www.nettipsykiatri.fi\/index.php?rest_route=\/wp\/v2\/pages\/25","targetHints":{"allow":["GET"]}}],"collection":[{"href":"https:\/\/www.nettipsykiatri.fi\/index.php?rest_route=\/wp\/v2\/pages"}],"about":[{"href":"https:\/\/www.nettipsykiatri.fi\/index.php?rest_route=\/wp\/v2\/types\/page"}],"author":[{"embeddable":true,"href":"https:\/\/www.nettipsykiatri.fi\/index.php?rest_route=\/wp\/v2\/users\/1"}],"replies":[{"embeddable":true,"href":"https:\/\/www.nettipsykiatri.fi\/index.php?rest_route=%2Fwp%2Fv2%2Fcomments&post=25"}],"version-history":[{"count":50,"href":"https:\/\/www.nettipsykiatri.fi\/index.php?rest_route=\/wp\/v2\/pages\/25\/revisions"}],"predecessor-version":[{"id":368,"href":"https:\/\/www.nettipsykiatri.fi\/index.php?rest_route=\/wp\/v2\/pages\/25\/revisions\/368"}],"up":[{"embeddable":true,"href":"https:\/\/www.nettipsykiatri.fi\/index.php?rest_route=\/wp\/v2\/pages\/11"}],"wp:attachment":[{"href":"https:\/\/www.nettipsykiatri.fi\/index.php?rest_route=%2Fwp%2Fv2%2Fmedia&parent=25"}],"curies":[{"name":"wp","href":"https:\/\/api.w.org\/{rel}","templated":true}]}}