{"id":90,"date":"2019-09-09T08:38:49","date_gmt":"2019-09-09T10:38:49","guid":{"rendered":"http:\/\/www.nettipsykiatri.fi\/?page_id=90"},"modified":"2026-01-22T16:29:33","modified_gmt":"2026-01-22T18:29:33","slug":"laakariesittely","status":"publish","type":"page","link":"https:\/\/www.nettipsykiatri.fi\/?page_id=90","title":{"rendered":"L\u00e4\u00e4k\u00e4riesittely"},"content":{"rendered":"\n<p>Juha Lehti 53-vuotias psykiatrian erikoisl\u00e4\u00e4k\u00e4ri. H\u00e4n on valmistunut l\u00e4\u00e4k\u00e4riksi 1999 ja psykiatrian erikoisl\u00e4\u00e4k\u00e4riksi 2013. Juha Lehden hoitostrategiaan kuuluvat&nbsp;hyv\u00e4 oireiden kartoitus, konkreettisen hoitosuunnitelman muodostaminen sek\u00e4 potilaan&nbsp;ja t\u00e4m\u00e4n l\u00e4heisten roolin m\u00e4\u00e4rittely&nbsp;osana hoitoa. Jos potilas toivoo hoitonsa olevan l\u00e4\u00e4kkeet\u00f6nt\u00e4, t\u00e4t\u00e4 toivomusta kunnioitetaan. Juha Lehden osaamisalueisiin kuuluvat mm. ahdistuneisuuden, masennuksen, unih\u00e4iri\u00f6iden, ty\u00f6uupumuksen, pakko-oireiden ja persoonallisuush\u00e4iri\u00f6iden hoito.<\/p>\n\n\n<div class=\"wp-block-image\">\n<figure class=\"aligncenter size-large\"><img loading=\"lazy\" decoding=\"async\" width=\"705\" height=\"1024\" src=\"http:\/\/www.nettipsykiatri.fi\/wp-content\/uploads\/2025\/08\/IMG_20250817_152905_edit_566973158552485-e1755704379960-705x1024.jpg\" alt=\"\" class=\"wp-image-401\" srcset=\"https:\/\/www.nettipsykiatri.fi\/wp-content\/uploads\/2025\/08\/IMG_20250817_152905_edit_566973158552485-e1755704379960-705x1024.jpg 705w, https:\/\/www.nettipsykiatri.fi\/wp-content\/uploads\/2025\/08\/IMG_20250817_152905_edit_566973158552485-e1755704379960-206x300.jpg 206w, https:\/\/www.nettipsykiatri.fi\/wp-content\/uploads\/2025\/08\/IMG_20250817_152905_edit_566973158552485-e1755704379960-768x1116.jpg 768w, https:\/\/www.nettipsykiatri.fi\/wp-content\/uploads\/2025\/08\/IMG_20250817_152905_edit_566973158552485-e1755704379960-1057x1536.jpg 1057w, https:\/\/www.nettipsykiatri.fi\/wp-content\/uploads\/2025\/08\/IMG_20250817_152905_edit_566973158552485-e1755704379960-1410x2048.jpg 1410w, https:\/\/www.nettipsykiatri.fi\/wp-content\/uploads\/2025\/08\/IMG_20250817_152905_edit_566973158552485-e1755704379960.jpg 1574w\" sizes=\"auto, (max-width: 705px) 100vw, 705px\" \/><\/figure><\/div>","protected":false},"excerpt":{"rendered":"<p>Juha Lehti 53-vuotias psykiatrian erikoisl\u00e4\u00e4k\u00e4ri. H\u00e4n on valmistunut l\u00e4\u00e4k\u00e4riksi 1999 ja psykiatrian erikoisl\u00e4\u00e4k\u00e4riksi 2013. Juha Lehden hoitostrategiaan kuuluvat&nbsp;hyv\u00e4 oireiden kartoitus, konkreettisen hoitosuunnitelman muodostaminen sek\u00e4 potilaan&nbsp;ja t\u00e4m\u00e4n l\u00e4heisten roolin m\u00e4\u00e4rittely&nbsp;osana hoitoa. Jos potilas toivoo hoitonsa olevan l\u00e4\u00e4kkeet\u00f6nt\u00e4, t\u00e4t\u00e4 toivomusta kunnioitetaan. Juha Lehden osaamisalueisiin kuuluvat mm. ahdistuneisuuden, masennuksen, unih\u00e4iri\u00f6iden, ty\u00f6uupumuksen, pakko-oireiden ja persoonallisuush\u00e4iri\u00f6iden hoito.<\/p>\n","protected":false},"author":1,"featured_media":0,"parent":0,"menu_order":0,"comment_status":"closed","ping_status":"closed","template":"","meta":{"footnotes":""},"class_list":["post-90","page","type-page","status-publish","hentry"],"_links":{"self":[{"href":"https:\/\/www.nettipsykiatri.fi\/index.php?rest_route=\/wp\/v2\/pages\/90","targetHints":{"allow":["GET"]}}],"collection":[{"href":"https:\/\/www.nettipsykiatri.fi\/index.php?rest_route=\/wp\/v2\/pages"}],"about":[{"href":"https:\/\/www.nettipsykiatri.fi\/index.php?rest_route=\/wp\/v2\/types\/page"}],"author":[{"embeddable":true,"href":"https:\/\/www.nettipsykiatri.fi\/index.php?rest_route=\/wp\/v2\/users\/1"}],"replies":[{"embeddable":true,"href":"https:\/\/www.nettipsykiatri.fi\/index.php?rest_route=%2Fwp%2Fv2%2Fcomments&post=90"}],"version-history":[{"count":8,"href":"https:\/\/www.nettipsykiatri.fi\/index.php?rest_route=\/wp\/v2\/pages\/90\/revisions"}],"predecessor-version":[{"id":411,"href":"https:\/\/www.nettipsykiatri.fi\/index.php?rest_route=\/wp\/v2\/pages\/90\/revisions\/411"}],"wp:attachment":[{"href":"https:\/\/www.nettipsykiatri.fi\/index.php?rest_route=%2Fwp%2Fv2%2Fmedia&parent=90"}],"curies":[{"name":"wp","href":"https:\/\/api.w.org\/{rel}","templated":true}]}}